{"id":6144,"date":"2022-04-13T04:17:30","date_gmt":"2022-04-13T04:17:30","guid":{"rendered":"https:\/\/cominvi.com.mx\/aviso-de-privacidad-copy\/"},"modified":"2022-04-13T04:17:30","modified_gmt":"2022-04-13T04:17:30","slug":"aviso-de-privacidad-copy","status":"publish","type":"page","link":"https:\/\/cominvi.com.mx\/fr\/aviso-de-privacidad-copy\/","title":{"rendered":"Aviso de privacidad Copiar"},"content":{"rendered":"<div data-elementor-type=\"wp-page\" data-elementor-id=\"6144\" class=\"elementor elementor-6144\" data-elementor-settings=\"[]\">\n\t\t\t\t\t\t\t<div class=\"elementor-section-wrap\">\n\t\t\t\t\t\t\t<section class=\"elementor-section elementor-top-section elementor-element elementor-element-f68ba37 elementor-section-boxed elementor-section-height-default elementor-section-height-default\" data-id=\"f68ba37\" data-element_type=\"section\">\n\t\t\t\t\t\t<div class=\"elementor-container elementor-column-gap-default\">\n\t\t\t\t\t<div class=\"elementor-column elementor-col-100 elementor-top-column elementor-element elementor-element-e418eea\" data-id=\"e418eea\" data-element_type=\"column\">\n\t\t\t<div class=\"elementor-widget-wrap elementor-element-populated\">\n\t\t\t\t\t\t\t\t<div class=\"elementor-element elementor-element-6bb5515 elementor-widget elementor-widget-spacer\" data-id=\"6bb5515\" data-element_type=\"widget\" data-widget_type=\"spacer.default\">\n\t\t\t\t<div class=\"elementor-widget-container\">\n\t\t\t\t\t<div class=\"elementor-spacer\">\n\t\t\t<div class=\"elementor-spacer-inner\"><\/div>\n\t\t<\/div>\n\t\t\t\t<\/div>\n\t\t\t\t<\/div>\n\t\t\t\t<div class=\"elementor-element elementor-element-dba7119 elementor-widget elementor-widget-heading\" data-id=\"dba7119\" data-element_type=\"widget\" data-widget_type=\"heading.default\">\n\t\t\t\t<div class=\"elementor-widget-container\">\n\t\t\t<style>\/*! elementor - v3.5.5 - 03-02-2022 *\/\n.elementor-heading-title{padding:0;margin:0;line-height:1}.elementor-widget-heading .elementor-heading-title[class*=elementor-size-]>a{color:inherit;font-size:inherit;line-height:inherit}.elementor-widget-heading .elementor-heading-title.elementor-size-small{font-size:15px}.elementor-widget-heading .elementor-heading-title.elementor-size-medium{font-size:19px}.elementor-widget-heading .elementor-heading-title.elementor-size-large{font-size:29px}.elementor-widget-heading .elementor-heading-title.elementor-size-xl{font-size:39px}.elementor-widget-heading .elementor-heading-title.elementor-size-xxl{font-size:59px}<\/style><h2 class=\"elementor-heading-title elementor-size-default\">AVIS DE CONFIDENTIALIT\u00c9<\/h2>\t\t<\/div>\n\t\t\t\t<\/div>\n\t\t\t\t<div class=\"elementor-element elementor-element-9d9aeef elementor-widget elementor-widget-spacer\" data-id=\"9d9aeef\" data-element_type=\"widget\" data-widget_type=\"spacer.default\">\n\t\t\t\t<div class=\"elementor-widget-container\">\n\t\t\t\t\t<div class=\"elementor-spacer\">\n\t\t\t<div class=\"elementor-spacer-inner\"><\/div>\n\t\t<\/div>\n\t\t\t\t<\/div>\n\t\t\t\t<\/div>\n\t\t\t\t<div class=\"elementor-element elementor-element-7b50aa1 elementor-widget elementor-widget-text-editor\" data-id=\"7b50aa1\" data-element_type=\"widget\" data-widget_type=\"text-editor.default\">\n\t\t\t\t<div class=\"elementor-widget-container\">\n\t\t\t<style>\/*! elementor - v3.5.5 - 03-02-2022 *\/\n.elementor-widget-text-editor.elementor-drop-cap-view-stacked .elementor-drop-cap{background-color:#818a91;color:#fff}.elementor-widget-text-editor.elementor-drop-cap-view-framed .elementor-drop-cap{color:#818a91;border:3px solid;background-color:transparent}.elementor-widget-text-editor:not(.elementor-drop-cap-view-default) .elementor-drop-cap{margin-top:8px}.elementor-widget-text-editor:not(.elementor-drop-cap-view-default) .elementor-drop-cap-letter{width:1em;height:1em}.elementor-widget-text-editor .elementor-drop-cap{float:left;text-align:center;line-height:1;font-size:50px}.elementor-widget-text-editor .elementor-drop-cap-letter{display:inline-block}<\/style>\t\t\t\t<div class=\"p-pdf_iframe__page\" aria-label=\"P\u00e1gina 1\" data-page-number=\"1\"><div class=\"textLayer\"><div class=\"p-pdf_iframe__page\" aria-label=\"P\u00e1gina 1\" data-page-number=\"1\"><div class=\"textLayer\">COMINVI S.A. DE C.V., mieux connu sous le nom de COMINVI, avec adresse \u00e0 Paseo de los <br \/>Insurgentes 3356 \u00e9tage 7, Colonia Cumbres del Campestre, dans la ville de Leon <br \/>, Guanajuato, Mexique, C.P. 37128 et portail internet www.cominvi.com\/ www.cominvi.co \/<br \/>cominvi.com.mx, es el responsable del uso y protecci\u00f3n de sus datos personales, y al <br \/>cet \u00e9gard nous vous informons de ce qui suit : <br \/>COMINVI utilisera vos donn\u00e9es personnelles aux fins suivantes, n\u00e9cessaires <br \/>au service que vous demandez : <br \/>Uniquement aux fins qui ont \u00e9t\u00e9 fournies, que ce soit pour des commentaires et des suggestions,<br \/>des demandes d'emploi ou la prestation de services.<br \/>\u00c0 ces fins, COMINVI utilisera les donn\u00e9es personnelles suivantes : <br \/>\u2022 Nom<br \/>\u2022 \u00c2ge<br \/>\u2022 Nationalit\u00e9<br \/>\u2022 Sexe<br \/>\u2022 T\u00e9l\u00e9phone<br \/>\u2022 Adresse<br \/>\u2022 Courrier \u00e9lectronique<br \/>Comment pouvez-vous acc\u00e9der, rectifier ou annuler vos donn\u00e9es personnelles, ou vous opposer \u00e0 leur utilisation ? <br \/>Vous avez le droit de savoir quelles sont les donn\u00e9es personnelles dont nous disposons \u00e0 votre sujet, \u00e0 quoi nous les utilisons <br \/>et les conditions d'utilisation que nous leur donnons (Acc\u00e8s). De m\u00eame, vous avez le droit de demander la <br \/>correction de vos informations personnelles si elles sont p\u00e9rim\u00e9es, inexactes ou <br \/>incompl\u00e8tes (Rectification) ; que nous les supprimions de nos archives ou de nos bases de donn\u00e9es lorsque vous <br \/>consid\u00e9rez qu\u2019elles ne sont pas utilis\u00e9es correctement (Annulation) ; ainsi que <br \/>de vous opposer \u00e0 l'utilisation de vos donn\u00e9es personnelles \u00e0 des fins sp\u00e9cifiques (Opposition). Ces droits sont <br \/>appel\u00e9s droits ARCO. <br \/>Pour exercer l'un des droits ARCO, vous devez soumettre la demande <br \/>respective par les moyens suivants : <br \/>Pour supprimer vos donn\u00e9es personnelles, veuillez envoyer un e-mail avec les donn\u00e9es que vous souhaitez supprimer <br \/>\u00e0 l'adresse e-mail roberto.rodriguez@cominvi.com et info@ cominvi.com<br \/>Pour conna\u00eetre la proc\u00e9dure et les conditions d'exercice des droits ARCO, nous mettons \u00e0 <br \/>votre disposition les moyens suivants : <br \/>Courriel : info@cominvi.com <br \/>Les coordonn\u00e9es de la personne ou du service des donn\u00e9es personnelles, qui est en charge du <br \/>traitement des demandes de droits ARCO, sont les suivantes : <br \/>a) Service Juridique<br \/>b) Adresse : Paseo de los Insurgentes 3355 \u00e9tage 7, quartier Cumbres del Campestre, ville<br \/>L\u00e9on, Guanajuato, C.P. 37128.<br \/>c) Courriel : info@cominvi.com<br \/>Vous pouvez r\u00e9voquer votre consentement \u00e0 l'utilisation de vos donn\u00e9es personnelles <br \/>Vous pouvez r\u00e9voquer le consentement que, le cas \u00e9ch\u00e9ant, vous nous avez donn\u00e9 pour le traitement <br \/>de vos donn\u00e9es personnelles. Cependant, il est important que vous sachiez que nous ne pourrons pas dans tous les <br \/>cas r\u00e9pondre \u00e0 votre demande ou mettre fin \u00e0 l'utilisation imm\u00e9diatement, car il est possible qu'en <br \/>raison d'une obligation l\u00e9gale, nous puissions exiger de continuer \u00e0 traiter vos donn\u00e9es personnelles. De m\u00eame, <br \/>vous devez consid\u00e9rer qu'\u00e0 certaines fins, la r\u00e9vocation de votre consentement impliquera que nous <br \/>ne pouvons pas continuer \u00e0 fournir le service que vous avez demand\u00e9, ou la fin de votre relation <br \/>avec nous. <br \/>Pour r\u00e9voquer votre consentement, vous devez soumettre votre demande par les moyens suivants : <br \/>Courriel : info@cominvi.com <br \/>Pour conna\u00eetre la proc\u00e9dure et les conditions de r\u00e9vocation du consentement, nous mettons \u00e0 <br \/>votre disposition les moyens suivants : <br \/>Envoyer un e-mail : info@cominvi.com <br \/>Comment pouvez-vous limiter l'utilisation ou la divulgation de vos informations personnelles ? <br \/>Afin de limiter l'utilisation et la divulgation de vos informations personnelles, nous <br \/>vous proposons les moyens suivants : <br \/>Envoyer un email \u00e0 l'adresse : info@cominvi.com <br \/>Comment pouvez-vous \u00eatre inform\u00e9 des modifications apport\u00e9es \u00e0 cet avis de confidentialit\u00e9 ? <br \/>Cet avis de confidentialit\u00e9 peut subir des modifications, des changements ou des <br \/>derivadas de nuevos requerimientos legales; de nuestras propias necesidades por los <br \/>mises \u00e0 jour d\u00e9coulant de nouvelles exigences l\u00e9gales ; de nos propres besoins pour les produits ou services que nous offrons ; de nos pratiques de confidentialit\u00e9 ; Changements dans <br \/>notre mod\u00e8le d'affaires, ou d'autres causes. <br \/>Nous nous engageons \u00e0 vous tenir inform\u00e9s de la proc\u00e9dure et des modifications ou <br \/>mises \u00e0 jour que cet avis de confidentialit\u00e9 pourrait subir, <br \/>p\u00e1gina web: www.cominvi.co \/ www.cominvi.com. \/cominvi.com.mx <br \/>Ce qui pr\u00e9c\u00e8de est bas\u00e9 sur les articles applicables de la loi f\u00e9d\u00e9rale sur la protection <br \/>des donn\u00e9es personnelles d\u00e9tenues par des personnes priv\u00e9es. <br \/><br \/>\u00daltima actualizaci\u00f3n: 18\/06\/2019<\/div><\/div><\/div><\/div>\t\t\t\t\t\t<\/div>\n\t\t\t\t<\/div>\n\t\t\t\t<div class=\"elementor-element elementor-element-c52ec79 elementor-widget elementor-widget-spacer\" data-id=\"c52ec79\" data-element_type=\"widget\" data-widget_type=\"spacer.default\">\n\t\t\t\t<div class=\"elementor-widget-container\">\n\t\t\t\t\t<div class=\"elementor-spacer\">\n\t\t\t<div class=\"elementor-spacer-inner\"><\/div>\n\t\t<\/div>\n\t\t\t\t<\/div>\n\t\t\t\t<\/div>\n\t\t\t\t\t<\/div>\n\t\t<\/div>\n\t\t\t\t\t\t\t<\/div>\n\t\t<\/section>\n\t\t\t\t\t\t<\/div>\n\t\t\t\t\t<\/div>","protected":false},"excerpt":{"rendered":"<p>Aviso de privaciad COMINVI S.A. DE C.V., mejor conocido como COMINVI, con domicilio en calle Paseo de los Insurgentes 3356 piso 7, Colonia Cumbres del Campestre, en la ciudad Leon, Guanajuato, M\u00e9xico, C.P. 37128 y portal de internet www.cominvi.com\/ www.cominvi.co \/cominvi.com.mx, es el responsable del uso y protecci\u00f3n de sus datos personales, y al respecto [&hellip;]<\/p>","protected":false},"author":3,"featured_media":0,"parent":0,"menu_order":0,"comment_status":"closed","ping_status":"closed","template":"elementor_header_footer","meta":{"_mi_skip_tracking":false},"yoast_head":"<!-- This site is optimized with the Yoast SEO plugin v18.7 - https:\/\/yoast.com\/wordpress\/plugins\/seo\/ -->\n<title>Aviso de privacidad Copiar - Cominvi<\/title>\n<meta name=\"robots\" content=\"index, follow, max-snippet:-1, max-image-preview:large, max-video-preview:-1\" \/>\n<link rel=\"canonical\" href=\"https:\/\/cominvi.com.mx\/fr\/aviso-de-privacidad-copy\/\" \/>\n<meta property=\"og:locale\" content=\"fr_FR\" \/>\n<meta property=\"og:type\" content=\"article\" \/>\n<meta property=\"og:title\" content=\"Aviso de privacidad Copiar - Cominvi\" \/>\n<meta property=\"og:description\" content=\"Aviso de privaciad COMINVI S.A. DE C.V., mejor conocido como COMINVI, con domicilio en calle Paseo de los Insurgentes 3356 piso 7, Colonia Cumbres del Campestre, en la ciudad Leon, Guanajuato, M\u00e9xico, C.P. 37128 y portal de internet www.cominvi.com\/ www.cominvi.co \/cominvi.com.mx, es el responsable del uso y protecci\u00f3n de sus datos personales, y al respecto [&hellip;]\" \/>\n<meta property=\"og:url\" content=\"https:\/\/cominvi.com.mx\/fr\/aviso-de-privacidad-copy\/\" \/>\n<meta property=\"og:site_name\" content=\"Cominvi\" \/>\n<meta name=\"twitter:card\" content=\"summary_large_image\" \/>\n<meta name=\"twitter:label1\" content=\"Dur\u00e9e de lecture estim\u00e9e\" \/>\n\t<meta name=\"twitter:data1\" content=\"3 minutes\" \/>\n<script type=\"application\/ld+json\" class=\"yoast-schema-graph\">{\"@context\":\"https:\/\/schema.org\",\"@graph\":[{\"@type\":\"WebSite\",\"@id\":\"https:\/\/www.cominvi.com.mx\/#website\",\"url\":\"https:\/\/www.cominvi.com.mx\/\",\"name\":\"Cominvi\",\"description\":\"\",\"potentialAction\":[{\"@type\":\"SearchAction\",\"target\":{\"@type\":\"EntryPoint\",\"urlTemplate\":\"https:\/\/www.cominvi.com.mx\/?s={search_term_string}\"},\"query-input\":\"required name=search_term_string\"}],\"inLanguage\":\"fr-FR\"},{\"@type\":\"WebPage\",\"@id\":\"https:\/\/cominvi.com.mx\/fr\/aviso-de-privacidad-copy\/#webpage\",\"url\":\"https:\/\/cominvi.com.mx\/fr\/aviso-de-privacidad-copy\/\",\"name\":\"Aviso de privacidad Copiar - Cominvi\",\"isPartOf\":{\"@id\":\"https:\/\/www.cominvi.com.mx\/#website\"},\"datePublished\":\"2022-04-13T04:17:30+00:00\",\"dateModified\":\"2022-04-13T04:17:30+00:00\",\"breadcrumb\":{\"@id\":\"https:\/\/cominvi.com.mx\/fr\/aviso-de-privacidad-copy\/#breadcrumb\"},\"inLanguage\":\"fr-FR\",\"potentialAction\":[{\"@type\":\"ReadAction\",\"target\":[\"https:\/\/cominvi.com.mx\/fr\/aviso-de-privacidad-copy\/\"]}]},{\"@type\":\"BreadcrumbList\",\"@id\":\"https:\/\/cominvi.com.mx\/fr\/aviso-de-privacidad-copy\/#breadcrumb\",\"itemListElement\":[{\"@type\":\"ListItem\",\"position\":1,\"name\":\"Portada\",\"item\":\"https:\/\/cominvi.com.mx\/\"},{\"@type\":\"ListItem\",\"position\":2,\"name\":\"Aviso de privacidad Copiar\"}]}]}<\/script>\n<!-- \/ Yoast SEO plugin. -->","yoast_head_json":{"title":"Aviso de privacidad Copiar - Cominvi","robots":{"index":"index","follow":"follow","max-snippet":"max-snippet:-1","max-image-preview":"max-image-preview:large","max-video-preview":"max-video-preview:-1"},"canonical":"https:\/\/cominvi.com.mx\/fr\/aviso-de-privacidad-copy\/","og_locale":"fr_FR","og_type":"article","og_title":"Aviso de privacidad Copiar - Cominvi","og_description":"Aviso de privaciad COMINVI S.A. DE C.V., mejor conocido como COMINVI, con domicilio en calle Paseo de los Insurgentes 3356 piso 7, Colonia Cumbres del Campestre, en la ciudad Leon, Guanajuato, M\u00e9xico, C.P. 37128 y portal de internet www.cominvi.com\/ www.cominvi.co \/cominvi.com.mx, es el responsable del uso y protecci\u00f3n de sus datos personales, y al respecto [&hellip;]","og_url":"https:\/\/cominvi.com.mx\/fr\/aviso-de-privacidad-copy\/","og_site_name":"Cominvi","twitter_card":"summary_large_image","twitter_misc":{"Dur\u00e9e de lecture estim\u00e9e":"3 minutes"},"schema":{"@context":"https:\/\/schema.org","@graph":[{"@type":"WebSite","@id":"https:\/\/www.cominvi.com.mx\/#website","url":"https:\/\/www.cominvi.com.mx\/","name":"Cominvi","description":"","potentialAction":[{"@type":"SearchAction","target":{"@type":"EntryPoint","urlTemplate":"https:\/\/www.cominvi.com.mx\/?s={search_term_string}"},"query-input":"required name=search_term_string"}],"inLanguage":"fr-FR"},{"@type":"WebPage","@id":"https:\/\/cominvi.com.mx\/fr\/aviso-de-privacidad-copy\/#webpage","url":"https:\/\/cominvi.com.mx\/fr\/aviso-de-privacidad-copy\/","name":"Aviso de privacidad Copiar - Cominvi","isPartOf":{"@id":"https:\/\/www.cominvi.com.mx\/#website"},"datePublished":"2022-04-13T04:17:30+00:00","dateModified":"2022-04-13T04:17:30+00:00","breadcrumb":{"@id":"https:\/\/cominvi.com.mx\/fr\/aviso-de-privacidad-copy\/#breadcrumb"},"inLanguage":"fr-FR","potentialAction":[{"@type":"ReadAction","target":["https:\/\/cominvi.com.mx\/fr\/aviso-de-privacidad-copy\/"]}]},{"@type":"BreadcrumbList","@id":"https:\/\/cominvi.com.mx\/fr\/aviso-de-privacidad-copy\/#breadcrumb","itemListElement":[{"@type":"ListItem","position":1,"name":"Portada","item":"https:\/\/cominvi.com.mx\/"},{"@type":"ListItem","position":2,"name":"Aviso de privacidad Copiar"}]}]}},"_links":{"self":[{"href":"https:\/\/cominvi.com.mx\/fr\/wp-json\/wp\/v2\/pages\/6144"}],"collection":[{"href":"https:\/\/cominvi.com.mx\/fr\/wp-json\/wp\/v2\/pages"}],"about":[{"href":"https:\/\/cominvi.com.mx\/fr\/wp-json\/wp\/v2\/types\/page"}],"author":[{"embeddable":true,"href":"https:\/\/cominvi.com.mx\/fr\/wp-json\/wp\/v2\/users\/3"}],"replies":[{"embeddable":true,"href":"https:\/\/cominvi.com.mx\/fr\/wp-json\/wp\/v2\/comments?post=6144"}],"version-history":[{"count":0,"href":"https:\/\/cominvi.com.mx\/fr\/wp-json\/wp\/v2\/pages\/6144\/revisions"}],"wp:attachment":[{"href":"https:\/\/cominvi.com.mx\/fr\/wp-json\/wp\/v2\/media?parent=6144"}],"curies":[{"name":"wp","href":"https:\/\/api.w.org\/{rel}","templated":true}]}}